{"id":57,"date":"2022-07-11T08:30:04","date_gmt":"2022-07-11T08:30:04","guid":{"rendered":"http:\/\/uj.iatefl.hu\/?page_id=57"},"modified":"2024-09-26T14:00:42","modified_gmt":"2024-09-26T14:00:42","slug":"get-in-touch","status":"publish","type":"page","link":"https:\/\/tesol-hungary.org\/?page_id=57","title":{"rendered":"Get in touch!"},"content":{"rendered":"\n<div class=\"wp-block-buttons is-layout-flex wp-block-buttons-is-layout-flex\"><\/div>\n\n\n\n<p class=\"has-text-align-center\"><iframe src=\"https:\/\/www.google.com\/maps\/embed?pb=!1m18!1m12!1m3!1d21566.75407083781!2d19.052798731149554!3d47.492947267332354!2m3!1f0!2f0!3f0!3m2!1i1024!2i768!4f13.1!3m3!1m2!1s0x4741dc5e7c4bfa05%3A0x7cb6a4155aeccedf!2sBudapest%2C%20K%C3%B6lcsey%20u.%202%2C%201085!5e0!3m2!1shu!2shu!4v1657530383051!5m2!1shu!2shu\" width=\"600\" height=\"450\" style=\"border:0;\" allowfullscreen=\"\" loading=\"lazy\" referrerpolicy=\"no-referrer-when-downgrade\"><\/iframe><\/p>\n\n\n\n<h2 class=\"wp-block-heading\">TESOL-Hungary<\/h2>\n\n\n\n<p><strong>Office:<\/strong> 2 K\u00f6lcsey utca, Budapest 1085<br><strong>Email:<\/strong> <a href=\"mailto:office@tesol-hungary.org\">office@tesol-hungary.org<\/a><br><strong>Tax number: <\/strong>19651312-1-42<\/p>\n\n\n\n<hr class=\"wp-block-separator has-alpha-channel-opacity\"\/>\n\n\n\n<h2 class=\"wp-block-heading\">BANK DETAILS<\/h2>\n\n\n\n<p><strong>Account name: <\/strong>Angoltan\u00e1rok Nemzetk\u00f6zi Egyes\u00fclete<br><strong>Account number: <\/strong>11702036-20714798<br><strong>IBAN: <\/strong>HU06 1170 2036 2071 4798 0000 0000<br><strong>SWIFT (BIC) code:<\/strong> OTPVHUHB<br><strong>Name of bank:<\/strong> OTP Bank Nyrt.<\/p>\n","protected":false},"excerpt":{"rendered":"<p>TESOL-Hungary Office: 2 K\u00f6lcsey utca, Budapest 1085Email: office@tesol-hungary.orgTax number: 19651312-1-42 BANK DETAILS Account name: Angoltan\u00e1rok Nemzetk\u00f6zi Egyes\u00fcleteAccount number: 11702036-20714798IBAN: HU06 1170 2036 2071 4798 0000 0000SWIFT (BIC) code: OTPVHUHBName of bank: OTP&#8230;<\/p>\n","protected":false},"author":1,"featured_media":0,"parent":0,"menu_order":0,"comment_status":"closed","ping_status":"closed","template":"","meta":{"footnotes":""},"class_list":["post-57","page","type-page","status-publish","hentry"],"_links":{"self":[{"href":"https:\/\/tesol-hungary.org\/index.php?rest_route=\/wp\/v2\/pages\/57","targetHints":{"allow":["GET"]}}],"collection":[{"href":"https:\/\/tesol-hungary.org\/index.php?rest_route=\/wp\/v2\/pages"}],"about":[{"href":"https:\/\/tesol-hungary.org\/index.php?rest_route=\/wp\/v2\/types\/page"}],"author":[{"embeddable":true,"href":"https:\/\/tesol-hungary.org\/index.php?rest_route=\/wp\/v2\/users\/1"}],"replies":[{"embeddable":true,"href":"https:\/\/tesol-hungary.org\/index.php?rest_route=%2Fwp%2Fv2%2Fcomments&post=57"}],"version-history":[{"count":10,"href":"https:\/\/tesol-hungary.org\/index.php?rest_route=\/wp\/v2\/pages\/57\/revisions"}],"predecessor-version":[{"id":817,"href":"https:\/\/tesol-hungary.org\/index.php?rest_route=\/wp\/v2\/pages\/57\/revisions\/817"}],"wp:attachment":[{"href":"https:\/\/tesol-hungary.org\/index.php?rest_route=%2Fwp%2Fv2%2Fmedia&parent=57"}],"curies":[{"name":"wp","href":"https:\/\/api.w.org\/{rel}","templated":true}]}}