{"id":417,"date":"2023-01-06T10:36:43","date_gmt":"2023-01-06T10:36:43","guid":{"rendered":"https:\/\/iatefl.hu\/?page_id=417"},"modified":"2025-02-09T16:48:51","modified_gmt":"2025-02-09T16:48:51","slug":"candidates-for-2023","status":"publish","type":"page","link":"https:\/\/tesol-hungary.org\/?page_id=417","title":{"rendered":"Candidates for 2025"},"content":{"rendered":"\n<p><strong>J\u00e1nos Ujlaki<\/strong><\/p>\n\n\n\n<figure class=\"wp-block-image size-large is-resized\"><img fetchpriority=\"high\" decoding=\"async\" width=\"1024\" height=\"985\" src=\"https:\/\/tesol-hungary.org\/wp-content\/uploads\/2025\/01\/Janos-1024x985.jpg\" alt=\"\" class=\"wp-image-875\" style=\"width:269px;height:auto\" srcset=\"https:\/\/tesol-hungary.org\/wp-content\/uploads\/2025\/01\/Janos-1024x985.jpg 1024w, https:\/\/tesol-hungary.org\/wp-content\/uploads\/2025\/01\/Janos-300x289.jpg 300w, https:\/\/tesol-hungary.org\/wp-content\/uploads\/2025\/01\/Janos-768x739.jpg 768w, https:\/\/tesol-hungary.org\/wp-content\/uploads\/2025\/01\/Janos-1536x1478.jpg 1536w, https:\/\/tesol-hungary.org\/wp-content\/uploads\/2025\/01\/Janos-2048x1970.jpg 2048w, https:\/\/tesol-hungary.org\/wp-content\/uploads\/2025\/01\/Janos-850x818.jpg 850w\" sizes=\"(max-width: 1024px) 100vw, 1024px\" \/><\/figure>\n\n\n\n<p>J\u00e1nos Ujlaki is an English and Mathematics teacher with over 15 years of experience. He is a lecturer and teacher trainer at the University of Pannonia and a PhD candidate at ELTE. His current research interests are using technology and AI in education. He is the current president of TESOL-Hungary, an ELT consultant, and regularly presents internationally at ELT conferences.<\/p>\n\n\n\n<p><strong>N\u00f3ra Tak\u00e1cs<\/strong><\/p>\n\n\n\n<figure class=\"wp-block-image size-large is-resized\"><img decoding=\"async\" width=\"768\" height=\"1024\" src=\"https:\/\/tesol-hungary.org\/wp-content\/uploads\/2025\/01\/Nora-768x1024.jpg\" alt=\"\" class=\"wp-image-876\" style=\"width:249px;height:auto\" srcset=\"https:\/\/tesol-hungary.org\/wp-content\/uploads\/2025\/01\/Nora-768x1024.jpg 768w, https:\/\/tesol-hungary.org\/wp-content\/uploads\/2025\/01\/Nora-225x300.jpg 225w, https:\/\/tesol-hungary.org\/wp-content\/uploads\/2025\/01\/Nora-1152x1536.jpg 1152w, https:\/\/tesol-hungary.org\/wp-content\/uploads\/2025\/01\/Nora-300x400.jpg 300w, https:\/\/tesol-hungary.org\/wp-content\/uploads\/2025\/01\/Nora-850x1133.jpg 850w, https:\/\/tesol-hungary.org\/wp-content\/uploads\/2025\/01\/Nora.jpg 1536w\" sizes=\"(max-width: 768px) 100vw, 768px\" \/><\/figure>\n\n\n\n<p>N\u00f3ra Tak\u00e1cs is a practising EFL teacher with nearly a decade of experience. She teaches at Sage, Budapest\u2014a language school she considers her happy place due to its inspiring methodologies and teaching staff. She works with diverse age groups and is dedicated to creating inclusive and engaging learning experiences. N\u00f3ra is a PhD candidate at ELTE, where she also works with teacher trainees. As a TESOL-Hungary committee member, she contributes to organizing the association\u2019s events and designs content for its social media, helping to maintain its image.<\/p>\n\n\n\n<p><strong>Bogl\u00e1rka Spissich<\/strong><\/p>\n\n\n\n<figure class=\"wp-block-image size-large is-resized\"><img decoding=\"async\" width=\"768\" height=\"1024\" src=\"https:\/\/tesol-hungary.org\/wp-content\/uploads\/2025\/01\/Spissich-Boglarka-768x1024.jpg\" alt=\"\" class=\"wp-image-877\" style=\"width:243px;height:auto\" srcset=\"https:\/\/tesol-hungary.org\/wp-content\/uploads\/2025\/01\/Spissich-Boglarka-768x1023.jpg 768w, https:\/\/tesol-hungary.org\/wp-content\/uploads\/2025\/01\/Spissich-Boglarka-225x300.jpg 225w, https:\/\/tesol-hungary.org\/wp-content\/uploads\/2025\/01\/Spissich-Boglarka-1153x1536.jpg 1153w, https:\/\/tesol-hungary.org\/wp-content\/uploads\/2025\/01\/Spissich-Boglarka-1537x2048.jpg 1537w, https:\/\/tesol-hungary.org\/wp-content\/uploads\/2025\/01\/Spissich-Boglarka-300x400.jpg 300w, https:\/\/tesol-hungary.org\/wp-content\/uploads\/2025\/01\/Spissich-Boglarka-850x1133.jpg 850w, https:\/\/tesol-hungary.org\/wp-content\/uploads\/2025\/01\/Spissich-Boglarka.jpg 1789w\" sizes=\"(max-width: 768px) 100vw, 768px\" \/><\/figure>\n\n\n\n<p>Bogl\u00e1rka Spissich is a PhD candidate at E\u00f6tv\u00f6s Lor\u00e1nd University in the Language Pedagogy and English Applied Linguistics program. Her main research interest is EFL learning and teaching with the help of films and social media, focusing on the use of well-known applications. As the vice-president of TESOL-Hungary, she takes part in organising events for EFL teachers and regularly participates in conferences. She is currently involved in teacher training and teaching at various language schools, catering to different age groups.<\/p>\n\n\n\n<p><strong>\u00c1d\u00e1m Palasics<\/strong><br><\/p>\n\n\n\n<figure class=\"wp-block-image size-large is-resized\"><img loading=\"lazy\" decoding=\"async\" width=\"1024\" height=\"988\" src=\"https:\/\/tesol-hungary.org\/wp-content\/uploads\/2025\/01\/Adam-1024x988.jpg\" alt=\"\" class=\"wp-image-880\" style=\"width:283px;height:auto\" srcset=\"https:\/\/tesol-hungary.org\/wp-content\/uploads\/2025\/01\/Adam-1024x988.jpg 1024w, https:\/\/tesol-hungary.org\/wp-content\/uploads\/2025\/01\/Adam-300x289.jpg 300w, https:\/\/tesol-hungary.org\/wp-content\/uploads\/2025\/01\/Adam-768x741.jpg 768w, https:\/\/tesol-hungary.org\/wp-content\/uploads\/2025\/01\/Adam-1536x1481.jpg 1536w, https:\/\/tesol-hungary.org\/wp-content\/uploads\/2025\/01\/Adam-2048x1975.jpg 2048w, https:\/\/tesol-hungary.org\/wp-content\/uploads\/2025\/01\/Adam-850x820.jpg 850w\" sizes=\"(max-width: 1024px) 100vw, 1024px\" \/><\/figure>\n\n\n\n<p>\u00c1d\u00e1m Palasics is a practising EFL and ICT teacher who started teaching a year ago. He started as a volunteer who participated in many projects of our community then he was elected to the committee in 2024. His organization skills and IT knowledge helped offline events and partners alike. As a TESOL-Hungary member he edits the official website and the whole committee with every day duties. You should look for him whenever you encounter technical difficulties!<br><\/p>\n\n\n\n<p><strong>Barbara K. Horv\u00e1th<\/strong><\/p>\n\n\n\n<figure class=\"wp-block-image size-large is-resized\"><img loading=\"lazy\" decoding=\"async\" width=\"819\" height=\"1024\" src=\"https:\/\/tesol-hungary.org\/wp-content\/uploads\/2025\/01\/1000005756-819x1024.jpg\" alt=\"\" class=\"wp-image-909\" style=\"width:295px;height:auto\" srcset=\"https:\/\/tesol-hungary.org\/wp-content\/uploads\/2025\/01\/1000005756-819x1024.jpg 819w, https:\/\/tesol-hungary.org\/wp-content\/uploads\/2025\/01\/1000005756-240x300.jpg 240w, https:\/\/tesol-hungary.org\/wp-content\/uploads\/2025\/01\/1000005756-768x960.jpg 768w, https:\/\/tesol-hungary.org\/wp-content\/uploads\/2025\/01\/1000005756-1229x1536.jpg 1229w, https:\/\/tesol-hungary.org\/wp-content\/uploads\/2025\/01\/1000005756-1638x2048.jpg 1638w, https:\/\/tesol-hungary.org\/wp-content\/uploads\/2025\/01\/1000005756-300x375.jpg 300w, https:\/\/tesol-hungary.org\/wp-content\/uploads\/2025\/01\/1000005756-850x1063.jpg 850w, https:\/\/tesol-hungary.org\/wp-content\/uploads\/2025\/01\/1000005756.jpg 1680w\" sizes=\"(max-width: 819px) 100vw, 819px\" \/><\/figure>\n\n\n\n<p>Barbara K. Horv\u00e1th is an EFL teacher with more than 20 years experience. She received her BA degree as a teacher of English Language and Literature and a Communication Specialist.&nbsp; She got a postgraduate degree in Assessment of Reading Comprehension at the University of Szeged and then completed her MA at the University of Pannonia. She finished her PhD studies in the English Language Pedagogy Program at E\u00f6tv\u00f6s Lor\u00e1nd University and now a part-time language teacher at the Department of English Language Pedagogy. Her research interest focuses on cultural and multicultural issues, such as diversity, segregation, integration, inclusion and experiential pedagogy in ELT. She is an alumna of the International Visitor Leadership Program of the US Embassy and the grant coordinator of TESOL-Hungary.&nbsp;<br><\/p>\n\n\n\n<p><strong>Kata Moln\u00e1r<\/strong><\/p>\n\n\n\n<figure class=\"wp-block-image size-full is-resized\"><img loading=\"lazy\" decoding=\"async\" width=\"1920\" height=\"2560\" src=\"https:\/\/tesol-hungary.org\/wp-content\/uploads\/2025\/01\/Kata-scaled.jpeg\" alt=\"\" class=\"wp-image-903\" style=\"width:282px;height:auto\" srcset=\"https:\/\/tesol-hungary.org\/wp-content\/uploads\/2025\/01\/Kata-scaled.jpeg 1920w, https:\/\/tesol-hungary.org\/wp-content\/uploads\/2025\/01\/Kata-225x300.jpeg 225w, https:\/\/tesol-hungary.org\/wp-content\/uploads\/2025\/01\/Kata-768x1024.jpeg 768w, https:\/\/tesol-hungary.org\/wp-content\/uploads\/2025\/01\/Kata-1152x1536.jpeg 1152w, https:\/\/tesol-hungary.org\/wp-content\/uploads\/2025\/01\/Kata-1536x2048.jpeg 1536w, https:\/\/tesol-hungary.org\/wp-content\/uploads\/2025\/01\/Kata-300x400.jpeg 300w, https:\/\/tesol-hungary.org\/wp-content\/uploads\/2025\/01\/Kata-850x1133.jpeg 850w\" sizes=\"(max-width: 1920px) 100vw, 1920px\" \/><\/figure>\n\n\n\n<p>Kata Moln\u00e1r is an English and Hungarian teacher trainee at the University of Pannonia, preparing to teach in primary and secondary schools. Parallel to her studies, she teaches 6th and 8th graders in Szentkir\u00e1lyszabadja, where her goal is to create a learning environment that is not only educational but also fun and engaging. Creativity is at the heart of her teaching, and she loves finding new ways to make lessons enjoyable for her students.<\/p>\n\n\n\n<p>Her journey with TESOL-Hungary began over three years ago, first as a dedicated volunteer and, for the past year, as a committee member. During this time, she has participated in organising conferences, managing social media platforms, and producing creative content like summary videos to showcase the association\u2019s events.<\/p>\n\n\n\n<p><strong>Anita Majorszki<\/strong><\/p>\n\n\n\n<figure class=\"wp-block-image size-full\"><img loading=\"lazy\" decoding=\"async\" width=\"294\" height=\"398\" src=\"https:\/\/tesol-hungary.org\/wp-content\/uploads\/2025\/02\/Anita-Majorszki.png\" alt=\"\" class=\"wp-image-932\" srcset=\"https:\/\/tesol-hungary.org\/wp-content\/uploads\/2025\/02\/Anita-Majorszki.png 294w, https:\/\/tesol-hungary.org\/wp-content\/uploads\/2025\/02\/Anita-Majorszki-222x300.png 222w\" sizes=\"(max-width: 294px) 100vw, 294px\" \/><\/figure>\n\n\n\n<p>Dear TESOL-Hungary,<br>Anita Majorszki is a teacher trainee at E\u00f6tv\u00f6s Lor\u00e1nd University, specialising in English and Chemistry. Alongside her studies, she teaches primary and secondary school students, as well as adult learners at a language school in Budapest. She started as a volunteer at TESOL-Hungary conferences and now contributes actively to event organisation. Passionate about innovative teaching methods, her primary research interest lies in integrating authentic materials to enhance learning experiences.<\/p>\n\n\n\n<p class=\"has-large-font-size\"><strong>Supervisory Board<\/strong><\/p>\n\n\n\n<p><strong>Claudia Moln\u00e1r<\/strong><\/p>\n\n\n\n<figure class=\"wp-block-image size-large is-resized\"><img loading=\"lazy\" decoding=\"async\" width=\"815\" height=\"1024\" src=\"https:\/\/tesol-hungary.org\/wp-content\/uploads\/2025\/02\/Claudia_Molnar-815x1024.jpeg\" alt=\"\" class=\"wp-image-924\" style=\"width:282px;height:auto\" srcset=\"https:\/\/tesol-hungary.org\/wp-content\/uploads\/2025\/02\/Claudia_Molnar-815x1024.jpeg 815w, https:\/\/tesol-hungary.org\/wp-content\/uploads\/2025\/02\/Claudia_Molnar-239x300.jpeg 239w, https:\/\/tesol-hungary.org\/wp-content\/uploads\/2025\/02\/Claudia_Molnar-768x965.jpeg 768w, https:\/\/tesol-hungary.org\/wp-content\/uploads\/2025\/02\/Claudia_Molnar-300x377.jpeg 300w, https:\/\/tesol-hungary.org\/wp-content\/uploads\/2025\/02\/Claudia_Molnar-850x1068.jpeg 850w, https:\/\/tesol-hungary.org\/wp-content\/uploads\/2025\/02\/Claudia_Molnar.jpeg 994w\" sizes=\"(max-width: 815px) 100vw, 815px\" \/><\/figure>\n\n\n\n<p><strong>N\u00f3ra Tartsay<\/strong><\/p>\n\n\n\n<figure class=\"wp-block-image size-large is-resized\"><img loading=\"lazy\" decoding=\"async\" width=\"683\" height=\"1024\" src=\"https:\/\/tesol-hungary.org\/wp-content\/uploads\/2025\/02\/nora_tartsay-683x1024.jpeg\" alt=\"\" class=\"wp-image-925\" style=\"width:285px;height:auto\" srcset=\"https:\/\/tesol-hungary.org\/wp-content\/uploads\/2025\/02\/nora_tartsay-683x1024.jpeg 683w, https:\/\/tesol-hungary.org\/wp-content\/uploads\/2025\/02\/nora_tartsay-200x300.jpeg 200w, https:\/\/tesol-hungary.org\/wp-content\/uploads\/2025\/02\/nora_tartsay-768x1152.jpeg 768w, https:\/\/tesol-hungary.org\/wp-content\/uploads\/2025\/02\/nora_tartsay-1024x1536.jpeg 1024w, https:\/\/tesol-hungary.org\/wp-content\/uploads\/2025\/02\/nora_tartsay-1365x2048.jpeg 1365w, https:\/\/tesol-hungary.org\/wp-content\/uploads\/2025\/02\/nora_tartsay-300x450.jpeg 300w, https:\/\/tesol-hungary.org\/wp-content\/uploads\/2025\/02\/nora_tartsay-850x1275.jpeg 850w, https:\/\/tesol-hungary.org\/wp-content\/uploads\/2025\/02\/nora_tartsay-scaled.jpeg 1707w\" sizes=\"(max-width: 683px) 100vw, 683px\" \/><\/figure>\n\n\n\n<p><strong>Zsuzsa Lindner<\/strong><\/p>\n\n\n\n<figure class=\"wp-block-image size-full is-resized\"><img loading=\"lazy\" decoding=\"async\" width=\"373\" height=\"500\" src=\"https:\/\/tesol-hungary.org\/wp-content\/uploads\/2025\/02\/Lindner_Zsuzsa.jpg\" alt=\"\" class=\"wp-image-926\" style=\"width:298px;height:auto\" srcset=\"https:\/\/tesol-hungary.org\/wp-content\/uploads\/2025\/02\/Lindner_Zsuzsa.jpg 373w, https:\/\/tesol-hungary.org\/wp-content\/uploads\/2025\/02\/Lindner_Zsuzsa-224x300.jpg 224w, https:\/\/tesol-hungary.org\/wp-content\/uploads\/2025\/02\/Lindner_Zsuzsa-300x402.jpg 300w\" sizes=\"(max-width: 373px) 100vw, 373px\" \/><\/figure>\n\n\n\n<p><\/p>\n","protected":false},"excerpt":{"rendered":"<p>J\u00e1nos Ujlaki J\u00e1nos Ujlaki is an English and Mathematics teacher with over 15 years of experience. He is a lecturer and teacher trainer at the University of Pannonia and a PhD candidate&#8230;<\/p>\n","protected":false},"author":1,"featured_media":427,"parent":0,"menu_order":0,"comment_status":"closed","ping_status":"closed","template":"","meta":{"footnotes":""},"class_list":["post-417","page","type-page","status-publish","has-post-thumbnail","hentry"],"_links":{"self":[{"href":"https:\/\/tesol-hungary.org\/index.php?rest_route=\/wp\/v2\/pages\/417","targetHints":{"allow":["GET"]}}],"collection":[{"href":"https:\/\/tesol-hungary.org\/index.php?rest_route=\/wp\/v2\/pages"}],"about":[{"href":"https:\/\/tesol-hungary.org\/index.php?rest_route=\/wp\/v2\/types\/page"}],"author":[{"embeddable":true,"href":"https:\/\/tesol-hungary.org\/index.php?rest_route=\/wp\/v2\/users\/1"}],"replies":[{"embeddable":true,"href":"https:\/\/tesol-hungary.org\/index.php?rest_route=%2Fwp%2Fv2%2Fcomments&post=417"}],"version-history":[{"count":20,"href":"https:\/\/tesol-hungary.org\/index.php?rest_route=\/wp\/v2\/pages\/417\/revisions"}],"predecessor-version":[{"id":936,"href":"https:\/\/tesol-hungary.org\/index.php?rest_route=\/wp\/v2\/pages\/417\/revisions\/936"}],"wp:featuredmedia":[{"embeddable":true,"href":"https:\/\/tesol-hungary.org\/index.php?rest_route=\/wp\/v2\/media\/427"}],"wp:attachment":[{"href":"https:\/\/tesol-hungary.org\/index.php?rest_route=%2Fwp%2Fv2%2Fmedia&parent=417"}],"curies":[{"name":"wp","href":"https:\/\/api.w.org\/{rel}","templated":true}]}}