{"id":265,"date":"2022-10-02T21:21:28","date_gmt":"2022-10-02T21:21:28","guid":{"rendered":"http:\/\/uj.iatefl.hu\/?page_id=265"},"modified":"2024-08-24T13:39:21","modified_gmt":"2024-08-24T13:39:21","slug":"former-commitee-members","status":"publish","type":"page","link":"https:\/\/tesol-hungary.org\/?page_id=265","title":{"rendered":"Former commitee members"},"content":{"rendered":"\n<h2 class=\"wp-block-heading\"><strong>2024<\/strong><\/h2>\n\n\n\n<p><strong><strong>J\u00e1nos Ujlaki (President)<\/strong><\/strong> &#8211; Andr\u00e1s \u0150sze &#8211; \u00c1d\u00e1m Palasics &#8211; Barbara K. Horv\u00e1th &#8211; Bogl\u00e1rka Spissich (Vice-President) &#8211; Kata Moln\u00e1r &#8211; N\u00f3ra Tak\u00e1cs<\/p>\n\n\n\n<h2 class=\"wp-block-heading\"><strong>2023<\/strong><\/h2>\n\n\n\n<p><strong><strong>L\u00e1szl\u00f3 N\u00e9meth (President)<\/strong><\/strong> &#8211; Barbara K. Horv\u00e1th &#8211; Bogl\u00e1rka Spissich &#8211; Csenge Johanna Nagy\u00a0&#8211; J\u00e1nos Ujlaki (Vice-President) &#8211; Patr\u00edcia Szak\u00e1ly<\/p>\n\n\n\n<h2 class=\"wp-block-heading\"><strong>2022<\/strong><\/h2>\n\n\n\n<p><strong>L\u00e1szl\u00f3 N\u00e9meth (President) <\/strong>&#8211; Attila Wind &#8211; Barbara K. Horv\u00e1th &#8211; Fruzsina Mezei &#8211; J\u00e1nos Ujlaki (Vice-President) &#8211; Mary Sousa &#8211; Patr\u00edcia Szak\u00e1ly<\/p>\n\n\n\n<h2 class=\"wp-block-heading\"><strong>2021<\/strong><\/h2>\n\n\n\n<p><strong>Barbara K. Horv\u00e1th (President)<\/strong> &#8211; Claudia Moln\u00e1r &#8211; J\u00e1nos Ujlaki &#8211; L\u00e1szl\u00f3 N\u00e9meth (Vice-President)<\/p>\n\n\n\n<h2 class=\"wp-block-heading\"><strong>2020<\/strong><\/h2>\n\n\n\n<p><strong>Claudia Moln\u00e1r (President)<\/strong> &#8211; Barbara K. Horv\u00e1th (Vice-President) &#8211; Gerg\u0151 Fekete &#8211; J\u00e1nos Ujlaki &#8211; Judit J. T\u00f3th &#8211; L\u00e1szl\u00f3 N\u00e9meth<\/p>\n\n\n\n<h2 class=\"wp-block-heading\"><strong>2019<\/strong><\/h2>\n\n\n\n<p><strong>Claudia Moln\u00e1r (President)<\/strong> &#8211; Barbara K. Horv\u00e1th &#8211; Gerg\u0151 Fekete &#8211; J\u00e1nos Ujlaki &#8211; Judit J. T\u00f3th (Vice-President) &#8211; L\u00e1szl\u00f3 N\u00e9meth<\/p>\n\n\n\n<h2 class=\"wp-block-heading\"><strong>2018<\/strong><\/h2>\n\n\n\n<p><strong>Claudia Moln\u00e1r (President)<\/strong> &#8211; \u00c1d\u00e1m Lajtai &#8211; Barbara K. Horv\u00e1th &#8211; Judit J. T\u00f3th &#8211; N\u00f3ra Nagy &#8211; Roberta Ill\u00e9s &#8211; Zolt\u00e1n R\u00e9zm\u0171ves (Vice-President)<\/p>\n\n\n\n<h2 class=\"wp-block-heading\"><strong>2017<\/strong><\/h2>\n\n\n\n<p><strong>Beatrix Price (President)<\/strong> &#8211; Anik\u00f3 Alm\u00e1si &#8211; Anna \u00c9ry &#8211; Claudia Moln\u00e1r &#8211; Frank Prescott (Vice-President) &#8211; Judit J. T\u00f3th &#8211; Szilvia M\u00e9sz\u00e1ros<\/p>\n\n\n\n<h2 class=\"wp-block-heading\"><strong>2015-2016<\/strong><\/h2>\n\n\n\n<p><strong>N\u00f3ra Tartsay N\u00e9meth (President)<\/strong> &#8211; Anik\u00f3 Alm\u00e1si &#8211; Anna \u00c9ry &#8211; Barbara K. Horv\u00e1th &#8211; Beatrix Price &#8211; Frank Prescott &#8211; L\u00e1szl\u00f3 Katona<\/p>\n\n\n\n<h2 class=\"wp-block-heading\"><strong>2014-2015<\/strong><\/h2>\n\n\n\n<p><strong>N\u00f3ra Tartsay N\u00e9meth (President) <\/strong>&#8211; Anik\u00f3 Alm\u00e1si &#8211; Barbara K. Horv\u00e1th &#8211; Beatrix Price (Vice-President) &#8211; Frank Prescott &#8211; L\u00e1szl\u00f3 Katona &#8211; L\u00e1szl\u00f3 Zsolt Zs\u00e1ger<\/p>\n\n\n\n<h2 class=\"wp-block-heading\"><strong>2013-2014<\/strong><\/h2>\n\n\n\n<p><strong>N\u00f3ra Tartsay N\u00e9meth (President) <\/strong>&#8211; Anik\u00f3 Alm\u00e1si &#8211; Beatrix Price (Vice-President) &#8211; Frank Prescott &#8211; Ildik\u00f3 Dar\u00e1nyi &#8211; Katalin Tam\u00e1s &#8211; L\u00e1szl\u00f3 Zsolt Zs\u00e1ger <\/p>\n\n\n\n<h2 class=\"wp-block-heading\"><strong>2012-2013<\/strong><\/h2>\n\n\n\n<p><strong>N\u00f3ra Tartsay N\u00e9meth (President)<\/strong> &#8211; Beatrix Price &#8211; Edit Kozma &#8211; Frank Prescott &#8211; Ildik\u00f3 Dar\u00e1nyi &#8211; Katalin Tam\u00e1s &#8211; Norbert G\u00e1lik (Vice-President)<\/p>\n\n\n\n<h2 class=\"wp-block-heading\"><strong>2011-2012<\/strong><\/h2>\n\n\n\n<p><strong>Zsuzsa Lindner (President) <\/strong>&#8211; Anna Cs\u00edky &#8211; Beatrix Price &#8211; Edit Kozma &#8211; Frank Prescott &#8211; N\u00f3ra Tartsay N\u00e9meth &#8211; Norbert G\u00e1lik (Vice-President)<\/p>\n","protected":false},"excerpt":{"rendered":"<p>2024 J\u00e1nos Ujlaki (President) &#8211; Andr\u00e1s \u0150sze &#8211; \u00c1d\u00e1m Palasics &#8211; Barbara K. Horv\u00e1th &#8211; Bogl\u00e1rka Spissich (Vice-President) &#8211; Kata Moln\u00e1r &#8211; N\u00f3ra Tak\u00e1cs 2023 L\u00e1szl\u00f3 N\u00e9meth (President) &#8211; Barbara K. Horv\u00e1th&#8230;<\/p>\n","protected":false},"author":1,"featured_media":0,"parent":0,"menu_order":0,"comment_status":"closed","ping_status":"closed","template":"","meta":{"footnotes":""},"class_list":["post-265","page","type-page","status-publish","hentry"],"_links":{"self":[{"href":"https:\/\/tesol-hungary.org\/index.php?rest_route=\/wp\/v2\/pages\/265","targetHints":{"allow":["GET"]}}],"collection":[{"href":"https:\/\/tesol-hungary.org\/index.php?rest_route=\/wp\/v2\/pages"}],"about":[{"href":"https:\/\/tesol-hungary.org\/index.php?rest_route=\/wp\/v2\/types\/page"}],"author":[{"embeddable":true,"href":"https:\/\/tesol-hungary.org\/index.php?rest_route=\/wp\/v2\/users\/1"}],"replies":[{"embeddable":true,"href":"https:\/\/tesol-hungary.org\/index.php?rest_route=%2Fwp%2Fv2%2Fcomments&post=265"}],"version-history":[{"count":3,"href":"https:\/\/tesol-hungary.org\/index.php?rest_route=\/wp\/v2\/pages\/265\/revisions"}],"predecessor-version":[{"id":741,"href":"https:\/\/tesol-hungary.org\/index.php?rest_route=\/wp\/v2\/pages\/265\/revisions\/741"}],"wp:attachment":[{"href":"https:\/\/tesol-hungary.org\/index.php?rest_route=%2Fwp%2Fv2%2Fmedia&parent=265"}],"curies":[{"name":"wp","href":"https:\/\/api.w.org\/{rel}","templated":true}]}}