{"id":166,"date":"2022-07-11T16:48:06","date_gmt":"2022-07-11T16:48:06","guid":{"rendered":"http:\/\/uj.iatefl.hu\/?page_id=166"},"modified":"2022-07-14T10:21:32","modified_gmt":"2022-07-14T10:21:32","slug":"special-releases","status":"publish","type":"page","link":"https:\/\/tesol-hungary.org\/?page_id=166","title":{"rendered":"Special releases"},"content":{"rendered":"\n<p class=\"has-text-align-right\"><sub>We update this page as new publications come out.<\/sub><\/p>\n\n\n\n<h2 class=\"wp-block-heading\">Uwe Pohl: Transformational Moments in Teaching<\/h2>\n\n\n\n<div data-wp-interactive=\"core\/file\" class=\"wp-block-file\"><object data-wp-bind--hidden=\"!state.hasPdfPreview\" hidden class=\"wp-block-file__embed\" data=\"http:\/\/uj.iatefl.hu\/wp-content\/uploads\/2022\/07\/Transformational-Moments-in-Teaching.pdf\" type=\"application\/pdf\" style=\"width:100%;height:600px\" aria-label=\"Transformational-Moments-in-Teaching be\u00e1gyaz\u00e1sa be\u00e1gyaz\u00e1sa\"><\/object><a id=\"wp-block-file--media-13214c79-3964-4c8a-8219-dc02aee29475\" href=\"http:\/\/uj.iatefl.hu\/wp-content\/uploads\/2022\/07\/Transformational-Moments-in-Teaching.pdf\">Transformational-Moments-in-Teaching<\/a><a href=\"http:\/\/uj.iatefl.hu\/wp-content\/uploads\/2022\/07\/Transformational-Moments-in-Teaching.pdf\" class=\"wp-block-file__button\" download aria-describedby=\"wp-block-file--media-13214c79-3964-4c8a-8219-dc02aee29475\">Let\u00f6lt\u00e9s<\/a><\/div>\n\n\n\n<h2 class=\"wp-block-heading\"><strong>25th Anniversary Repertory<\/strong><\/h2>\n\n\n\n<div data-wp-interactive=\"core\/file\" class=\"wp-block-file\"><object data-wp-bind--hidden=\"!state.hasPdfPreview\" hidden class=\"wp-block-file__embed\" data=\"http:\/\/uj.iatefl.hu\/wp-content\/uploads\/2022\/07\/Repertory_IATEFLHungary2015.pdf\" type=\"application\/pdf\" style=\"width:100%;height:600px\" aria-label=\"Repertory_IATEFLHungary2015 be\u00e1gyaz\u00e1sa be\u00e1gyaz\u00e1sa\"><\/object><a id=\"wp-block-file--media-df65230f-7159-4f63-a322-69c976d5c468\" href=\"http:\/\/uj.iatefl.hu\/wp-content\/uploads\/2022\/07\/Repertory_IATEFLHungary2015.pdf\">Repertory_IATEFLHungary2015<\/a><a href=\"http:\/\/uj.iatefl.hu\/wp-content\/uploads\/2022\/07\/Repertory_IATEFLHungary2015.pdf\" class=\"wp-block-file__button\" download aria-describedby=\"wp-block-file--media-df65230f-7159-4f63-a322-69c976d5c468\">Let\u00f6lt\u00e9s<\/a><\/div>\n","protected":false},"excerpt":{"rendered":"<p>We update this page as new publications come out. Uwe Pohl: Transformational Moments in Teaching 25th Anniversary Repertory<\/p>\n","protected":false},"author":1,"featured_media":0,"parent":0,"menu_order":0,"comment_status":"closed","ping_status":"closed","template":"","meta":{"footnotes":""},"class_list":["post-166","page","type-page","status-publish","hentry"],"_links":{"self":[{"href":"https:\/\/tesol-hungary.org\/index.php?rest_route=\/wp\/v2\/pages\/166","targetHints":{"allow":["GET"]}}],"collection":[{"href":"https:\/\/tesol-hungary.org\/index.php?rest_route=\/wp\/v2\/pages"}],"about":[{"href":"https:\/\/tesol-hungary.org\/index.php?rest_route=\/wp\/v2\/types\/page"}],"author":[{"embeddable":true,"href":"https:\/\/tesol-hungary.org\/index.php?rest_route=\/wp\/v2\/users\/1"}],"replies":[{"embeddable":true,"href":"https:\/\/tesol-hungary.org\/index.php?rest_route=%2Fwp%2Fv2%2Fcomments&post=166"}],"version-history":[{"count":5,"href":"https:\/\/tesol-hungary.org\/index.php?rest_route=\/wp\/v2\/pages\/166\/revisions"}],"predecessor-version":[{"id":176,"href":"https:\/\/tesol-hungary.org\/index.php?rest_route=\/wp\/v2\/pages\/166\/revisions\/176"}],"wp:attachment":[{"href":"https:\/\/tesol-hungary.org\/index.php?rest_route=%2Fwp%2Fv2%2Fmedia&parent=166"}],"curies":[{"name":"wp","href":"https:\/\/api.w.org\/{rel}","templated":true}]}}